{"id":15,"date":"2009-05-14T08:24:11","date_gmt":"2009-05-14T06:24:11","guid":{"rendered":"http:\/\/www.boztrom.com\/wordpress\/?page_id=15"},"modified":"2009-05-14T08:45:25","modified_gmt":"2009-05-14T06:45:25","slug":"se-ksg","status":"publish","type":"page","link":"https:\/\/www.boztrom.com\/wordpress\/?page_id=15","title":{"rendered":"SE-KSG"},"content":{"rendered":"<div style=\"width: 289px\" class=\"wp-caption alignright\"><img loading=\"lazy\" decoding=\"async\" title=\"SE-KSG\" src=\"http:\/\/www.sasflygklubb.com\/Bilder%20p%20vra%20flygplan\/SE-KSG.jpg\" alt=\"SE-KSG\" width=\"279\" height=\"160\" \/><p class=\"wp-caption-text\">SE-KSG<\/p><\/div>\n<p><strong>SE-KSG<\/strong><\/p>\n<p>Luftfartygstyp: <span id=\"FrameworkSelector_defaultmode_Content1_Type\">PIPER PA-28-181<\/span><br \/>\nTillverkningsnr: <span id=\"FrameworkSelector_defaultmode_Content1_BuildNr\">28-7990064<\/span><br \/>\nTillverknings\u00e5r: 1979<br \/>\nMax startvikt: <span id=\"FrameworkSelector_defaultmode_Content1_MaxWeight\">1155 kg<\/span><br \/>\nUtrustning: COM1, COM2, NAV1, NAV2, GPS, DME, ILS, VOR, ADF, Autopilot.<\/p>\n<p>SE-KSG \u00e4r fullt IFR-utrustad med bl a Garmin 430, enligt de nya kraven p\u00e5 immunitet f\u00f6r radios\u00e4ndare.<\/p>\n<p>I klubbens \u00e4go sedan 1991-07-19<\/p>\n","protected":false},"excerpt":{"rendered":"<p>SE-KSG Luftfartygstyp: PIPER PA-28-181 Tillverkningsnr: 28-7990064 Tillverknings\u00e5r: 1979 Max startvikt: 1155 kg Utrustning: COM1, COM2, NAV1, NAV2, GPS, DME, ILS, VOR, ADF, Autopilot. SE-KSG \u00e4r fullt IFR-utrustad med bl a Garmin 430, enligt de nya kraven p\u00e5 immunitet f\u00f6r radios\u00e4ndare. I klubbens \u00e4go sedan 1991-07-19<\/p>\n","protected":false},"author":2,"featured_media":0,"parent":13,"menu_order":0,"comment_status":"closed","ping_status":"closed","template":"","meta":{"ngg_post_thumbnail":0,"jetpack_post_was_ever_published":false,"footnotes":""},"class_list":["post-15","page","type-page","status-publish","hentry"],"jetpack_sharing_enabled":true,"jetpack_shortlink":"https:\/\/wp.me\/PAO8I-f","jetpack_likes_enabled":true,"_links":{"self":[{"href":"https:\/\/www.boztrom.com\/wordpress\/index.php?rest_route=\/wp\/v2\/pages\/15","targetHints":{"allow":["GET"]}}],"collection":[{"href":"https:\/\/www.boztrom.com\/wordpress\/index.php?rest_route=\/wp\/v2\/pages"}],"about":[{"href":"https:\/\/www.boztrom.com\/wordpress\/index.php?rest_route=\/wp\/v2\/types\/page"}],"author":[{"embeddable":true,"href":"https:\/\/www.boztrom.com\/wordpress\/index.php?rest_route=\/wp\/v2\/users\/2"}],"replies":[{"embeddable":true,"href":"https:\/\/www.boztrom.com\/wordpress\/index.php?rest_route=%2Fwp%2Fv2%2Fcomments&post=15"}],"version-history":[{"count":5,"href":"https:\/\/www.boztrom.com\/wordpress\/index.php?rest_route=\/wp\/v2\/pages\/15\/revisions"}],"predecessor-version":[{"id":25,"href":"https:\/\/www.boztrom.com\/wordpress\/index.php?rest_route=\/wp\/v2\/pages\/15\/revisions\/25"}],"up":[{"embeddable":true,"href":"https:\/\/www.boztrom.com\/wordpress\/index.php?rest_route=\/wp\/v2\/pages\/13"}],"wp:attachment":[{"href":"https:\/\/www.boztrom.com\/wordpress\/index.php?rest_route=%2Fwp%2Fv2%2Fmedia&parent=15"}],"curies":[{"name":"wp","href":"https:\/\/api.w.org\/{rel}","templated":true}]}}