{"id":28,"date":"2009-05-19T16:01:46","date_gmt":"2009-05-19T14:01:46","guid":{"rendered":"http:\/\/www.boztrom.com\/wordpress\/?page_id=28"},"modified":"2009-05-19T16:02:24","modified_gmt":"2009-05-19T14:02:24","slug":"se-iuf","status":"publish","type":"page","link":"https:\/\/www.boztrom.com\/wordpress\/?page_id=28","title":{"rendered":"SE-IUF"},"content":{"rendered":"<div style=\"width: 289px\" class=\"wp-caption alignright\"><img loading=\"lazy\" decoding=\"async\" title=\"SE-IUF\" src=\"http:\/\/sasflygklubb.com\/Bilder%20p%20vra%20flygplan\/SE-IUF.jpg\" alt=\"\" width=\"279\" height=\"209\" \/><p class=\"wp-caption-text\">SE-IUF<\/p><\/div>\n<p><strong>SE-IUF<\/strong><\/p>\n<p>Luftfartygstyp: <span id=\"FrameworkSelector_defaultmode_Content1_Type\">PIPER PA-28-181<\/span><br \/>\nTillverkningsnr: <span id=\"FrameworkSelector_defaultmode_Content1_BuildNr\">2890069<\/span><br \/>\nTillverknings\u00e5r: <span id=\"FrameworkSelector_defaultmode_Content1_BuildYear\">1988<\/span><br \/>\nMax startvikt: <span id=\"FrameworkSelector_defaultmode_Content1_MaxWeight\">1155 kg<\/span><br \/>\nUtrustning: COM1, COM2, NAV1, NAV2, GPS, DME, ILS, VOR, ADF, Autopilo.<\/p>\n<p>SE-IUF \u00e4r fullt IFR-utrustad med bl a Garmin 430, enligt de nya kraven p\u00e5 immunitet f\u00f6r radios\u00e4ndare.<\/p>\n<p>I klubbens \u00e4go sedan 1999-06-23<\/p>\n","protected":false},"excerpt":{"rendered":"<p>SE-IUF Luftfartygstyp: PIPER PA-28-181 Tillverkningsnr: 2890069 Tillverknings\u00e5r: 1988 Max startvikt: 1155 kg Utrustning: COM1, COM2, NAV1, NAV2, GPS, DME, ILS, VOR, ADF, Autopilo. SE-IUF \u00e4r fullt IFR-utrustad med bl a Garmin 430, enligt de nya kraven p\u00e5 immunitet f\u00f6r radios\u00e4ndare. I klubbens \u00e4go sedan 1999-06-23<\/p>\n","protected":false},"author":2,"featured_media":0,"parent":13,"menu_order":1,"comment_status":"closed","ping_status":"closed","template":"","meta":{"ngg_post_thumbnail":0,"jetpack_post_was_ever_published":false,"footnotes":""},"class_list":["post-28","page","type-page","status-publish","hentry"],"jetpack_sharing_enabled":true,"jetpack_shortlink":"https:\/\/wp.me\/PAO8I-s","jetpack_likes_enabled":true,"_links":{"self":[{"href":"https:\/\/www.boztrom.com\/wordpress\/index.php?rest_route=\/wp\/v2\/pages\/28","targetHints":{"allow":["GET"]}}],"collection":[{"href":"https:\/\/www.boztrom.com\/wordpress\/index.php?rest_route=\/wp\/v2\/pages"}],"about":[{"href":"https:\/\/www.boztrom.com\/wordpress\/index.php?rest_route=\/wp\/v2\/types\/page"}],"author":[{"embeddable":true,"href":"https:\/\/www.boztrom.com\/wordpress\/index.php?rest_route=\/wp\/v2\/users\/2"}],"replies":[{"embeddable":true,"href":"https:\/\/www.boztrom.com\/wordpress\/index.php?rest_route=%2Fwp%2Fv2%2Fcomments&post=28"}],"version-history":[{"count":4,"href":"https:\/\/www.boztrom.com\/wordpress\/index.php?rest_route=\/wp\/v2\/pages\/28\/revisions"}],"predecessor-version":[{"id":40,"href":"https:\/\/www.boztrom.com\/wordpress\/index.php?rest_route=\/wp\/v2\/pages\/28\/revisions\/40"}],"up":[{"embeddable":true,"href":"https:\/\/www.boztrom.com\/wordpress\/index.php?rest_route=\/wp\/v2\/pages\/13"}],"wp:attachment":[{"href":"https:\/\/www.boztrom.com\/wordpress\/index.php?rest_route=%2Fwp%2Fv2%2Fmedia&parent=28"}],"curies":[{"name":"wp","href":"https:\/\/api.w.org\/{rel}","templated":true}]}}