{"id":32,"date":"2009-05-22T13:30:50","date_gmt":"2009-05-22T11:30:50","guid":{"rendered":"http:\/\/www.boztrom.com\/wordpress\/?page_id=32"},"modified":"2009-05-22T13:32:05","modified_gmt":"2009-05-22T11:32:05","slug":"se-glu","status":"publish","type":"page","link":"https:\/\/www.boztrom.com\/wordpress\/?page_id=32","title":{"rendered":"SE-GLU"},"content":{"rendered":"<p><img loading=\"lazy\" decoding=\"async\" class=\"alignright\" title=\"SE-GLU\" src=\"http:\/\/www.sasflygklubb.com\/Bilder%20p%20vra%20flygplan\/SE-GLU.jpg\" alt=\"\" width=\"239\" height=\"134\" \/><strong>SE-GLU<\/strong><\/p>\n<p>Luftfartygstyp: <span id=\"FrameworkSelector_defaultmode_Content1_Type\">PIPER PA-28-151<\/span><br \/>\nTillverkningsnr: <span id=\"FrameworkSelector_defaultmode_Content1_BuildNr\">28-7615031<\/span><br \/>\nTillverknings\u00e5r: <span id=\"FrameworkSelector_defaultmode_Content1_BuildYear\">1975<\/span><br \/>\nMax startvikt: <span id=\"FrameworkSelector_defaultmode_Content1_MaxWeight\">1055 kg<\/span><br \/>\nUtrustning: COM1, COM2, NAV1, NAV2, DME, ILS, VOR, ADF, Autopilot.<br \/>\n* EJ uttag f\u00f6r Intercom i baksits<br \/>\n* Ny motor 160 hk installerad.<\/p>\n<p>I klubbens \u00e4go sedan 1976-03-26<\/p>\n","protected":false},"excerpt":{"rendered":"<p>SE-GLU Luftfartygstyp: PIPER PA-28-151 Tillverkningsnr: 28-7615031 Tillverknings\u00e5r: 1975 Max startvikt: 1055 kg Utrustning: COM1, COM2, NAV1, NAV2, DME, ILS, VOR, ADF, Autopilot. * EJ uttag f\u00f6r Intercom i baksits * Ny motor 160 hk installerad. I klubbens \u00e4go sedan 1976-03-26<\/p>\n","protected":false},"author":2,"featured_media":0,"parent":13,"menu_order":3,"comment_status":"closed","ping_status":"closed","template":"","meta":{"ngg_post_thumbnail":0,"jetpack_post_was_ever_published":false,"footnotes":""},"class_list":["post-32","page","type-page","status-publish","hentry"],"jetpack_sharing_enabled":true,"jetpack_shortlink":"https:\/\/wp.me\/PAO8I-w","jetpack_likes_enabled":true,"_links":{"self":[{"href":"https:\/\/www.boztrom.com\/wordpress\/index.php?rest_route=\/wp\/v2\/pages\/32","targetHints":{"allow":["GET"]}}],"collection":[{"href":"https:\/\/www.boztrom.com\/wordpress\/index.php?rest_route=\/wp\/v2\/pages"}],"about":[{"href":"https:\/\/www.boztrom.com\/wordpress\/index.php?rest_route=\/wp\/v2\/types\/page"}],"author":[{"embeddable":true,"href":"https:\/\/www.boztrom.com\/wordpress\/index.php?rest_route=\/wp\/v2\/users\/2"}],"replies":[{"embeddable":true,"href":"https:\/\/www.boztrom.com\/wordpress\/index.php?rest_route=%2Fwp%2Fv2%2Fcomments&post=32"}],"version-history":[{"count":4,"href":"https:\/\/www.boztrom.com\/wordpress\/index.php?rest_route=\/wp\/v2\/pages\/32\/revisions"}],"predecessor-version":[{"id":48,"href":"https:\/\/www.boztrom.com\/wordpress\/index.php?rest_route=\/wp\/v2\/pages\/32\/revisions\/48"}],"up":[{"embeddable":true,"href":"https:\/\/www.boztrom.com\/wordpress\/index.php?rest_route=\/wp\/v2\/pages\/13"}],"wp:attachment":[{"href":"https:\/\/www.boztrom.com\/wordpress\/index.php?rest_route=%2Fwp%2Fv2%2Fmedia&parent=32"}],"curies":[{"name":"wp","href":"https:\/\/api.w.org\/{rel}","templated":true}]}}